{"id":58,"date":"2015-10-24T20:42:58","date_gmt":"2015-10-24T19:42:58","guid":{"rendered":"http:\/\/eclisseetbrindille.fr\/?page_id=58"},"modified":"2024-12-04T22:31:56","modified_gmt":"2024-12-04T21:31:56","slug":"a-propos-2","status":"publish","type":"page","link":"https:\/\/eclisseetbrindille.fr\/index.php\/a-propos\/a-propos-2\/","title":{"rendered":"A propos"},"content":{"rendered":"<p>Et c&rsquo;est quoi la vannerie sauvage ?<\/p>\n<p>C&rsquo;est un savoir-faire artisanal qui permet de fabriquer des objets utilitaires ou d\u00e9coratifs en utilisant des mat\u00e9riaux naturels r\u00e9colt\u00e9s directement dans la nature, tels que les tiges de noisetier, viorne lantane, bourdaine, cornouiller sanguin, tro\u00e8ne sauvage, &#8230; Contrairement \u00e0 la vannerie d&rsquo;osier qui utilise souvent des mat\u00e9riaux cultiv\u00e9s et pr\u00e9par\u00e9s par des professionnels (osi\u00e9riculteurs), la vannerie sauvage privil\u00e9gie l&rsquo;utilisation de ressources locales et non transform\u00e9es.<\/p>\n<p>Les artisans pratiquant la vannerie sauvage respectent g\u00e9n\u00e9ralement les techniques ancestrales (vannerie sur arceaux) et mettent un point d&rsquo;honneur \u00e0 travailler de mani\u00e8re \u00e9cologique et durable : on ne pr\u00e9l\u00e8ve dans la nature que ce que l&rsquo;on a besoin, on valorise au mieux chaque tige, &#8230;\u00a0 sans d\u00e9gradation du milieu, sans d\u00e9chets. Les objets cr\u00e9\u00e9s peuvent inclure des paniers, des corbeilles, des mangeoires pour oiseaux, et d&rsquo;autres articles utilitaires (autrefois la charpaigne du Ch\u00e2tillonnais) ou d\u00e9coratifs. Cette pratique met en avant la cr\u00e9ativit\u00e9, tout en valorisant le savoir-faire traditionnel et le respect de l&rsquo;environnement.<\/p>\n<p>Les objets sont uniques car on ne peut reproduire les couleurs, les effets de mati\u00e8re, les d\u00e9fauts naturels, &#8230;des mat\u00e9riaux utilis\u00e9s ce qui en fait l&rsquo;originalit\u00e9, l&rsquo;authenticit\u00e9, &#8230;<\/p>\n<p>&nbsp;<\/p>\n<p style=\"text-align: left;\">Retrouvez-moi sur Pinterest : <a href=\"https:\/\/www.pinterest.com\/EclisseetBrin\/\">https:\/\/www.pinterest.com\/EclisseetBrin\/ <\/a><\/p>\n<p style=\"text-align: left;\">Sur Facebook : <a href=\"https:\/\/www.facebook.com\/\">https:\/\/www.facebook.com\/Eclisse-et-Brindille-1667269526902518\/<\/a><\/p>\n<p style=\"text-align: left;\">G\u00e9rard Bisiaux Atelier 2, rue de B\u00e8ze 21510 ETALANTE (Visite sur rendez-vous, appelez au 06 59 34 11 02)<\/p>\n<p style=\"text-align: left;\"><a href=\"mailto:eclisse.et.brindille@gmail.com\">eclisse.et.brindille@gmail.com<\/a><\/p>\n<p>&nbsp;<\/p>\n<p>L&rsquo;atelier de mes d\u00e9buts &#8230;<\/p>\n<p><img loading=\"lazy\" decoding=\"async\" class=\"aligncenter wp-image-333 size-large\" src=\"http:\/\/eclisseetbrindille.fr\/wp-content\/uploads\/2015\/10\/Dans-latelier-01-1024x768.jpg\" alt=\"Dans l'atelier\" width=\"960\" height=\"720\" srcset=\"https:\/\/eclisseetbrindille.fr\/wp-content\/uploads\/2015\/10\/Dans-latelier-01-1024x768.jpg 1024w, https:\/\/eclisseetbrindille.fr\/wp-content\/uploads\/2015\/10\/Dans-latelier-01-300x225.jpg 300w, https:\/\/eclisseetbrindille.fr\/wp-content\/uploads\/2015\/10\/Dans-latelier-01-768x576.jpg 768w\" sizes=\"auto, (max-width: 960px) 100vw, 960px\" \/><\/p>\n","protected":false},"excerpt":{"rendered":"<p>Et c&rsquo;est quoi la vannerie sauvage ? C&rsquo;est un savoir-faire artisanal qui permet de fabriquer des objets utilitaires ou d\u00e9coratifs en utilisant des mat\u00e9riaux naturels r\u00e9colt\u00e9s directement dans la nature, tels que les tiges de noisetier, viorne lantane, bourdaine, cornouiller sanguin, tro\u00e8ne sauvage, &#8230; Contrairement \u00e0 la vannerie d&rsquo;osier qui utilise souvent des mat\u00e9riaux cultiv\u00e9s&#8230; <a class=\"moretag\" href=\"https:\/\/eclisseetbrindille.fr\/index.php\/a-propos\/a-propos-2\/\">Continue Reading<\/a><\/p>\n","protected":false},"author":1,"featured_media":0,"parent":28,"menu_order":0,"comment_status":"closed","ping_status":"closed","template":"","meta":{"footnotes":""},"class_list":["post-58","page","type-page","status-publish","hentry"],"_links":{"self":[{"href":"https:\/\/eclisseetbrindille.fr\/index.php\/wp-json\/wp\/v2\/pages\/58","targetHints":{"allow":["GET"]}}],"collection":[{"href":"https:\/\/eclisseetbrindille.fr\/index.php\/wp-json\/wp\/v2\/pages"}],"about":[{"href":"https:\/\/eclisseetbrindille.fr\/index.php\/wp-json\/wp\/v2\/types\/page"}],"author":[{"embeddable":true,"href":"https:\/\/eclisseetbrindille.fr\/index.php\/wp-json\/wp\/v2\/users\/1"}],"replies":[{"embeddable":true,"href":"https:\/\/eclisseetbrindille.fr\/index.php\/wp-json\/wp\/v2\/comments?post=58"}],"version-history":[{"count":18,"href":"https:\/\/eclisseetbrindille.fr\/index.php\/wp-json\/wp\/v2\/pages\/58\/revisions"}],"predecessor-version":[{"id":1732,"href":"https:\/\/eclisseetbrindille.fr\/index.php\/wp-json\/wp\/v2\/pages\/58\/revisions\/1732"}],"up":[{"embeddable":true,"href":"https:\/\/eclisseetbrindille.fr\/index.php\/wp-json\/wp\/v2\/pages\/28"}],"wp:attachment":[{"href":"https:\/\/eclisseetbrindille.fr\/index.php\/wp-json\/wp\/v2\/media?parent=58"}],"curies":[{"name":"wp","href":"https:\/\/api.w.org\/{rel}","templated":true}]}}