{"id":312,"date":"2016-01-23T07:55:48","date_gmt":"2016-01-23T06:55:48","guid":{"rendered":"http:\/\/eclisseetbrindille.fr\/?page_id=312"},"modified":"2024-09-26T21:13:55","modified_gmt":"2024-09-26T20:13:55","slug":"fabrication","status":"publish","type":"page","link":"https:\/\/eclisseetbrindille.fr\/index.php\/fabrication\/","title":{"rendered":"A l&rsquo;atelier"},"content":{"rendered":"<p style=\"text-align: center;\">Quelques photos de mon atelier et un article<\/p>\n<p style=\"text-align: center;\">r\u00e9dig\u00e9 par le journaliste Jean-Christophe Tardivon<\/p>\n<p style=\"text-align: center;\">pour le m\u00e9dia en ligne Infos Dijon en ao\u00fbt 2024 :<\/p>\n<p><a href=\"https:\/\/www.infos-dijon.com\/news\/sortir-voir-ecouter-decouvrir\/sortir-voir-ecouter-decouvrir\/artisanat-gerard-bisiaux-perpetue-la-tradition-de-la-vannerie-paysanne.html\">ARTISANAT : G\u00e9rard Bisiaux perp\u00e9tue la tradition de la vannerie paysanne &#8211; Infos Dijon (infos-dijon.com)<\/a><\/p>\n<p><a href=\"http:\/\/eclisseetbrindille.fr\/wp-content\/uploads\/2024\/01\/Outils-et-matieres-scaled.jpg\"><img loading=\"lazy\" decoding=\"async\" class=\"aligncenter size-large wp-image-1636\" src=\"http:\/\/eclisseetbrindille.fr\/wp-content\/uploads\/2024\/01\/Outils-et-matieres-1024x905.jpg\" alt=\"\" width=\"960\" height=\"848\" srcset=\"https:\/\/eclisseetbrindille.fr\/wp-content\/uploads\/2024\/01\/Outils-et-matieres-1024x905.jpg 1024w, https:\/\/eclisseetbrindille.fr\/wp-content\/uploads\/2024\/01\/Outils-et-matieres-300x265.jpg 300w, https:\/\/eclisseetbrindille.fr\/wp-content\/uploads\/2024\/01\/Outils-et-matieres-768x679.jpg 768w, https:\/\/eclisseetbrindille.fr\/wp-content\/uploads\/2024\/01\/Outils-et-matieres-1536x1357.jpg 1536w, https:\/\/eclisseetbrindille.fr\/wp-content\/uploads\/2024\/01\/Outils-et-matieres-2048x1809.jpg 2048w\" sizes=\"auto, (max-width: 960px) 100vw, 960px\" \/><\/a><\/p>\n<p><a href=\"http:\/\/eclisseetbrindille.fr\/wp-content\/uploads\/2024\/01\/A-latelier.jpg\"><img loading=\"lazy\" decoding=\"async\" class=\"aligncenter size-large wp-image-1633\" src=\"http:\/\/eclisseetbrindille.fr\/wp-content\/uploads\/2024\/01\/A-latelier-1024x742.jpg\" alt=\"\" width=\"960\" height=\"696\" srcset=\"https:\/\/eclisseetbrindille.fr\/wp-content\/uploads\/2024\/01\/A-latelier-1024x742.jpg 1024w, https:\/\/eclisseetbrindille.fr\/wp-content\/uploads\/2024\/01\/A-latelier-300x217.jpg 300w, https:\/\/eclisseetbrindille.fr\/wp-content\/uploads\/2024\/01\/A-latelier-768x556.jpg 768w, https:\/\/eclisseetbrindille.fr\/wp-content\/uploads\/2024\/01\/A-latelier-1536x1112.jpg 1536w, https:\/\/eclisseetbrindille.fr\/wp-content\/uploads\/2024\/01\/A-latelier.jpg 1943w\" sizes=\"auto, (max-width: 960px) 100vw, 960px\" \/><\/a><\/p>\n<p><a href=\"http:\/\/eclisseetbrindille.fr\/wp-content\/uploads\/2024\/01\/Fendoir.jpg\"><img loading=\"lazy\" decoding=\"async\" class=\"aligncenter size-large wp-image-1635\" src=\"http:\/\/eclisseetbrindille.fr\/wp-content\/uploads\/2024\/01\/Fendoir-1024x543.jpg\" alt=\"\" width=\"960\" height=\"509\" srcset=\"https:\/\/eclisseetbrindille.fr\/wp-content\/uploads\/2024\/01\/Fendoir-1024x543.jpg 1024w, https:\/\/eclisseetbrindille.fr\/wp-content\/uploads\/2024\/01\/Fendoir-300x159.jpg 300w, https:\/\/eclisseetbrindille.fr\/wp-content\/uploads\/2024\/01\/Fendoir-768x408.jpg 768w, https:\/\/eclisseetbrindille.fr\/wp-content\/uploads\/2024\/01\/Fendoir-1536x815.jpg 1536w, https:\/\/eclisseetbrindille.fr\/wp-content\/uploads\/2024\/01\/Fendoir.jpg 1943w\" sizes=\"auto, (max-width: 960px) 100vw, 960px\" \/><\/a><\/p>\n<p><a href=\"http:\/\/eclisseetbrindille.fr\/wp-content\/uploads\/2024\/01\/Tressage.jpg\"><img loading=\"lazy\" decoding=\"async\" class=\"aligncenter size-large wp-image-1637\" src=\"http:\/\/eclisseetbrindille.fr\/wp-content\/uploads\/2024\/01\/Tressage-1024x785.jpg\" alt=\"\" width=\"960\" height=\"736\" srcset=\"https:\/\/eclisseetbrindille.fr\/wp-content\/uploads\/2024\/01\/Tressage-1024x785.jpg 1024w, https:\/\/eclisseetbrindille.fr\/wp-content\/uploads\/2024\/01\/Tressage-300x230.jpg 300w, https:\/\/eclisseetbrindille.fr\/wp-content\/uploads\/2024\/01\/Tressage-768x589.jpg 768w, https:\/\/eclisseetbrindille.fr\/wp-content\/uploads\/2024\/01\/Tressage-1536x1177.jpg 1536w, https:\/\/eclisseetbrindille.fr\/wp-content\/uploads\/2024\/01\/Tressage.jpg 1943w\" sizes=\"auto, (max-width: 960px) 100vw, 960px\" \/><\/a><\/p>\n<p>Quelques objets \u00e0 diff\u00e9rents stades de fabrication &#8230;<\/p>\n\n\t\t<style type=\"text\/css\">\n\t\t\t#gallery-1 {\n\t\t\t\tmargin: auto;\n\t\t\t}\n\t\t\t#gallery-1 .gallery-item {\n\t\t\t\tfloat: left;\n\t\t\t\tmargin-top: 10px;\n\t\t\t\ttext-align: center;\n\t\t\t\twidth: 50%;\n\t\t\t}\n\t\t\t#gallery-1 img {\n\t\t\t\tborder: 2px solid #cfcfcf;\n\t\t\t}\n\t\t\t#gallery-1 .gallery-caption {\n\t\t\t\tmargin-left: 0;\n\t\t\t}\n\t\t\t\/* see gallery_shortcode() in wp-includes\/media.php *\/\n\t\t<\/style>\n\t\t<div id='gallery-1' class='gallery galleryid-312 gallery-columns-2 gallery-size-large'><dl class='gallery-item'>\n\t\t\t<dt class='gallery-icon landscape'>\n\t\t\t\t<a href='https:\/\/eclisseetbrindille.fr\/en-cours-04b\/'><img loading=\"lazy\" decoding=\"async\" width=\"960\" height=\"720\" src=\"https:\/\/eclisseetbrindille.fr\/wp-content\/uploads\/2016\/06\/En-cours-04b-1024x768.jpg\" class=\"attachment-large size-large\" alt=\"\" aria-describedby=\"gallery-1-478\" srcset=\"https:\/\/eclisseetbrindille.fr\/wp-content\/uploads\/2016\/06\/En-cours-04b-1024x768.jpg 1024w, https:\/\/eclisseetbrindille.fr\/wp-content\/uploads\/2016\/06\/En-cours-04b-300x225.jpg 300w, https:\/\/eclisseetbrindille.fr\/wp-content\/uploads\/2016\/06\/En-cours-04b-768x576.jpg 768w\" sizes=\"auto, (max-width: 960px) 100vw, 960px\" \/><\/a>\n\t\t\t<\/dt>\n\t\t\t\t<dd class='wp-caption-text gallery-caption' id='gallery-1-478'>\n\t\t\t\tTissage des \u00e9clisses (viorne, noisetier et bourdaine) sur les arceaux d&rsquo;une corbeille\n\t\t\t\t<\/dd><\/dl><dl class='gallery-item'>\n\t\t\t<dt class='gallery-icon portrait'>\n\t\t\t\t<a href='https:\/\/eclisseetbrindille.fr\/en-cours-01\/'><img loading=\"lazy\" decoding=\"async\" width=\"768\" height=\"1024\" src=\"https:\/\/eclisseetbrindille.fr\/wp-content\/uploads\/2016\/06\/En-cours-01-768x1024.jpg\" class=\"attachment-large size-large\" alt=\"\" aria-describedby=\"gallery-1-474\" srcset=\"https:\/\/eclisseetbrindille.fr\/wp-content\/uploads\/2016\/06\/En-cours-01-768x1024.jpg 768w, https:\/\/eclisseetbrindille.fr\/wp-content\/uploads\/2016\/06\/En-cours-01-225x300.jpg 225w\" sizes=\"auto, (max-width: 768px) 100vw, 768px\" \/><\/a>\n\t\t\t<\/dt>\n\t\t\t\t<dd class='wp-caption-text gallery-caption' id='gallery-1-474'>\n\t\t\t\tProjet de lanterne armature lierre cornouiller sanguin\n\t\t\t\t<\/dd><\/dl><br style=\"clear: both\" \/><dl class='gallery-item'>\n\t\t\t<dt class='gallery-icon portrait'>\n\t\t\t\t<a href='https:\/\/eclisseetbrindille.fr\/en-cours-02\/'><img loading=\"lazy\" decoding=\"async\" width=\"768\" height=\"1024\" src=\"https:\/\/eclisseetbrindille.fr\/wp-content\/uploads\/2016\/06\/En-cours-02-768x1024.jpg\" class=\"attachment-large size-large\" alt=\"\" aria-describedby=\"gallery-1-475\" srcset=\"https:\/\/eclisseetbrindille.fr\/wp-content\/uploads\/2016\/06\/En-cours-02-768x1024.jpg 768w, https:\/\/eclisseetbrindille.fr\/wp-content\/uploads\/2016\/06\/En-cours-02-225x300.jpg 225w\" sizes=\"auto, (max-width: 768px) 100vw, 768px\" \/><\/a>\n\t\t\t<\/dt>\n\t\t\t\t<dd class='wp-caption-text gallery-caption' id='gallery-1-475'>\n\t\t\t\tProjet de lanterne armature lierre cornouiller sanguin\n\t\t\t\t<\/dd><\/dl><dl class='gallery-item'>\n\t\t\t<dt class='gallery-icon landscape'>\n\t\t\t\t<a href='https:\/\/eclisseetbrindille.fr\/en-cours-03\/'><img loading=\"lazy\" decoding=\"async\" width=\"960\" height=\"720\" src=\"https:\/\/eclisseetbrindille.fr\/wp-content\/uploads\/2016\/06\/En-cours-03-1024x768.jpg\" class=\"attachment-large size-large\" alt=\"\" aria-describedby=\"gallery-1-476\" srcset=\"https:\/\/eclisseetbrindille.fr\/wp-content\/uploads\/2016\/06\/En-cours-03-1024x768.jpg 1024w, https:\/\/eclisseetbrindille.fr\/wp-content\/uploads\/2016\/06\/En-cours-03-300x225.jpg 300w, https:\/\/eclisseetbrindille.fr\/wp-content\/uploads\/2016\/06\/En-cours-03-768x576.jpg 768w\" sizes=\"auto, (max-width: 960px) 100vw, 960px\" \/><\/a>\n\t\t\t<\/dt>\n\t\t\t\t<dd class='wp-caption-text gallery-caption' id='gallery-1-476'>\n\t\t\t\tPanier armature noisetier\n\t\t\t\t<\/dd><\/dl><br style=\"clear: both\" \/><dl class='gallery-item'>\n\t\t\t<dt class='gallery-icon landscape'>\n\t\t\t\t<a href='https:\/\/eclisseetbrindille.fr\/en-cours-07\/'><img loading=\"lazy\" decoding=\"async\" width=\"960\" height=\"720\" src=\"https:\/\/eclisseetbrindille.fr\/wp-content\/uploads\/2016\/06\/En-cours-07-1024x768.jpg\" class=\"attachment-large size-large\" alt=\"\" srcset=\"https:\/\/eclisseetbrindille.fr\/wp-content\/uploads\/2016\/06\/En-cours-07-1024x768.jpg 1024w, https:\/\/eclisseetbrindille.fr\/wp-content\/uploads\/2016\/06\/En-cours-07-300x225.jpg 300w, https:\/\/eclisseetbrindille.fr\/wp-content\/uploads\/2016\/06\/En-cours-07-768x576.jpg 768w\" sizes=\"auto, (max-width: 960px) 100vw, 960px\" \/><\/a>\n\t\t\t<\/dt><\/dl><dl class='gallery-item'>\n\t\t\t<dt class='gallery-icon portrait'>\n\t\t\t\t<a href='https:\/\/eclisseetbrindille.fr\/en-cours-06\/'><img loading=\"lazy\" decoding=\"async\" width=\"768\" height=\"1024\" src=\"https:\/\/eclisseetbrindille.fr\/wp-content\/uploads\/2016\/06\/En-cours-06-768x1024.jpg\" class=\"attachment-large size-large\" alt=\"\" srcset=\"https:\/\/eclisseetbrindille.fr\/wp-content\/uploads\/2016\/06\/En-cours-06-768x1024.jpg 768w, https:\/\/eclisseetbrindille.fr\/wp-content\/uploads\/2016\/06\/En-cours-06-225x300.jpg 225w\" sizes=\"auto, (max-width: 768px) 100vw, 768px\" \/><\/a>\n\t\t\t<\/dt><\/dl><br style=\"clear: both\" \/><dl class='gallery-item'>\n\t\t\t<dt class='gallery-icon landscape'>\n\t\t\t\t<a href='https:\/\/eclisseetbrindille.fr\/en-cours-05b\/'><img loading=\"lazy\" decoding=\"async\" width=\"960\" height=\"720\" src=\"https:\/\/eclisseetbrindille.fr\/wp-content\/uploads\/2016\/06\/En-cours-05b-1024x768.jpg\" class=\"attachment-large size-large\" alt=\"\" srcset=\"https:\/\/eclisseetbrindille.fr\/wp-content\/uploads\/2016\/06\/En-cours-05b-1024x768.jpg 1024w, https:\/\/eclisseetbrindille.fr\/wp-content\/uploads\/2016\/06\/En-cours-05b-300x225.jpg 300w, https:\/\/eclisseetbrindille.fr\/wp-content\/uploads\/2016\/06\/En-cours-05b-768x576.jpg 768w\" sizes=\"auto, (max-width: 960px) 100vw, 960px\" \/><\/a>\n\t\t\t<\/dt><\/dl>\n\t\t\t<br style='clear: both' \/>\n\t\t<\/div>\n\n","protected":false},"excerpt":{"rendered":"<p>Quelques photos de mon atelier et un article r\u00e9dig\u00e9 par le journaliste Jean-Christophe Tardivon pour le m\u00e9dia en ligne Infos Dijon en ao\u00fbt 2024 : ARTISANAT : G\u00e9rard Bisiaux perp\u00e9tue la tradition de la vannerie paysanne &#8211; Infos Dijon (infos-dijon.com) Quelques objets \u00e0 diff\u00e9rents stades de fabrication &#8230;<\/p>\n","protected":false},"author":1,"featured_media":0,"parent":0,"menu_order":0,"comment_status":"closed","ping_status":"closed","template":"","meta":{"footnotes":""},"class_list":["post-312","page","type-page","status-publish","hentry"],"_links":{"self":[{"href":"https:\/\/eclisseetbrindille.fr\/index.php\/wp-json\/wp\/v2\/pages\/312","targetHints":{"allow":["GET"]}}],"collection":[{"href":"https:\/\/eclisseetbrindille.fr\/index.php\/wp-json\/wp\/v2\/pages"}],"about":[{"href":"https:\/\/eclisseetbrindille.fr\/index.php\/wp-json\/wp\/v2\/types\/page"}],"author":[{"embeddable":true,"href":"https:\/\/eclisseetbrindille.fr\/index.php\/wp-json\/wp\/v2\/users\/1"}],"replies":[{"embeddable":true,"href":"https:\/\/eclisseetbrindille.fr\/index.php\/wp-json\/wp\/v2\/comments?post=312"}],"version-history":[{"count":9,"href":"https:\/\/eclisseetbrindille.fr\/index.php\/wp-json\/wp\/v2\/pages\/312\/revisions"}],"predecessor-version":[{"id":1684,"href":"https:\/\/eclisseetbrindille.fr\/index.php\/wp-json\/wp\/v2\/pages\/312\/revisions\/1684"}],"wp:attachment":[{"href":"https:\/\/eclisseetbrindille.fr\/index.php\/wp-json\/wp\/v2\/media?parent=312"}],"curies":[{"name":"wp","href":"https:\/\/api.w.org\/{rel}","templated":true}]}}