{"id":294,"date":"2016-01-10T10:15:05","date_gmt":"2016-01-10T09:15:05","guid":{"rendered":"http:\/\/eclisseetbrindille.fr\/?page_id=294"},"modified":"2024-12-04T22:43:51","modified_gmt":"2024-12-04T21:43:51","slug":"faire-savoir","status":"publish","type":"page","link":"https:\/\/eclisseetbrindille.fr\/index.php\/faire-savoir\/","title":{"rendered":"A voir &#8230;"},"content":{"rendered":"<ul>\n<li><a href=\"https:\/\/www.forets-parcnational.fr\/fr\">Le Parc national de for\u00eats<\/a><\/li>\n<\/ul>\n<p>&nbsp;<\/p>\n<ul>\n<li><a href=\"https:\/\/www.espritparcnational.com\/\">La marque\u00a0 Esprit Parc National<\/a><\/li>\n<\/ul>\n<p>&nbsp;<\/p>\n<ul>\n<li style=\"text-align: left;\"><a href=\"http:\/\/www.pepiniere-passiflore.com\/\">Les P\u00e9pini\u00e8res Passiflore<\/a><\/li>\n<\/ul>\n<p><a href=\"http:\/\/www.pepiniere-passiflore.com\/\"><img loading=\"lazy\" decoding=\"async\" class=\"attachment-twentyfourteen-full-width size-twentyfourteen-full-width wp-post-image aligncenter\" src=\"https:\/\/i1.wp.com\/www.pepiniere-passiflore.com\/wp-content\/uploads\/2016\/08\/gravier-1-sur-1-e1519742496767.jpg?resize=1038%2C576\" sizes=\"auto, (max-width: 1038px) 100vw, 1038px\" srcset=\"https:\/\/i1.wp.com\/www.pepiniere-passiflore.com\/wp-content\/uploads\/2016\/08\/gravier-1-sur-1-e1519742496767.jpg?zoom=2&amp;resize=1038%2C576 2076w, https:\/\/i1.wp.com\/www.pepiniere-passiflore.com\/wp-content\/uploads\/2016\/08\/gravier-1-sur-1-e1519742496767.jpg?zoom=3&amp;resize=1038%2C576 3114w\" alt=\"\" width=\"1038\" height=\"576\" data-attachment-id=\"95\" data-permalink=\"http:\/\/www.pepiniere-passiflore.com\/nos-photos\/olympus-digital-camera-3\/\" data-orig-file=\"https:\/\/i1.wp.com\/www.pepiniere-passiflore.com\/wp-content\/uploads\/2016\/08\/gravier-1-sur-1-e1519742496767.jpg?fit=2800%2C1722\" data-orig-size=\"2800,1722\" data-comments-opened=\"1\" data-image-meta=\"{&quot;aperture&quot;:&quot;4.5&quot;,&quot;credit&quot;:&quot;&quot;,&quot;camera&quot;:&quot;SP550UZ&quot;,&quot;caption&quot;:&quot;OLYMPUS DIGITAL CAMERA&quot;,&quot;created_timestamp&quot;:&quot;1377449303&quot;,&quot;copyright&quot;:&quot;&quot;,&quot;focal_length&quot;:&quot;6.12&quot;,&quot;iso&quot;:&quot;100&quot;,&quot;shutter_speed&quot;:&quot;0.0125&quot;,&quot;title&quot;:&quot;OLYMPUS DIGITAL CAMERA&quot;,&quot;orientation&quot;:&quot;0&quot;}\" data-image-title=\"OLYMPUS DIGITAL CAMERA\" data-image-description=\"\" data-medium-file=\"https:\/\/i1.wp.com\/www.pepiniere-passiflore.com\/wp-content\/uploads\/2016\/08\/gravier-1-sur-1-e1519742496767.jpg?fit=300%2C185\" data-large-file=\"https:\/\/i1.wp.com\/www.pepiniere-passiflore.com\/wp-content\/uploads\/2016\/08\/gravier-1-sur-1-e1519742496767.jpg?fit=474%2C292\" \/><\/a><\/p>\n\n\n<p>Les Lutins de Samuel : <a href=\"http:\/\/lessabotsdevenus.blogspot.fr\/\">Les sabots de V\u00e9nus<\/a><\/p>\n\n\n<div class=\"wp-block-image\">\n<figure class=\"aligncenter\"><a href=\"http:\/\/lessabotsdevenus.blogspot.fr\/\"><img loading=\"lazy\" decoding=\"async\" width=\"660\" height=\"330\" src=\"http:\/\/eclisseetbrindille.fr\/wp-content\/uploads\/2016\/01\/Les-sabots-de-V\u00e9nus.jpg\" alt=\"Les sabots de V\u00e9nus\" class=\"wp-image-295\" srcset=\"https:\/\/eclisseetbrindille.fr\/wp-content\/uploads\/2016\/01\/Les-sabots-de-V\u00e9nus.jpg 660w, https:\/\/eclisseetbrindille.fr\/wp-content\/uploads\/2016\/01\/Les-sabots-de-V\u00e9nus-300x150.jpg 300w\" sizes=\"auto, (max-width: 660px) 100vw, 660px\" \/><\/a><\/figure>\n<\/div>","protected":false},"excerpt":{"rendered":"<p>Le Parc national de for\u00eats &nbsp; La marque\u00a0 Esprit Parc National &nbsp; Les P\u00e9pini\u00e8res Passiflore Les Lutins de Samuel : Les sabots de V\u00e9nus<\/p>\n","protected":false},"author":1,"featured_media":0,"parent":0,"menu_order":0,"comment_status":"closed","ping_status":"closed","template":"","meta":{"footnotes":""},"class_list":["post-294","page","type-page","status-publish","hentry"],"_links":{"self":[{"href":"https:\/\/eclisseetbrindille.fr\/index.php\/wp-json\/wp\/v2\/pages\/294","targetHints":{"allow":["GET"]}}],"collection":[{"href":"https:\/\/eclisseetbrindille.fr\/index.php\/wp-json\/wp\/v2\/pages"}],"about":[{"href":"https:\/\/eclisseetbrindille.fr\/index.php\/wp-json\/wp\/v2\/types\/page"}],"author":[{"embeddable":true,"href":"https:\/\/eclisseetbrindille.fr\/index.php\/wp-json\/wp\/v2\/users\/1"}],"replies":[{"embeddable":true,"href":"https:\/\/eclisseetbrindille.fr\/index.php\/wp-json\/wp\/v2\/comments?post=294"}],"version-history":[{"count":13,"href":"https:\/\/eclisseetbrindille.fr\/index.php\/wp-json\/wp\/v2\/pages\/294\/revisions"}],"predecessor-version":[{"id":1735,"href":"https:\/\/eclisseetbrindille.fr\/index.php\/wp-json\/wp\/v2\/pages\/294\/revisions\/1735"}],"wp:attachment":[{"href":"https:\/\/eclisseetbrindille.fr\/index.php\/wp-json\/wp\/v2\/media?parent=294"}],"curies":[{"name":"wp","href":"https:\/\/api.w.org\/{rel}","templated":true}]}}