{"id":28,"date":"2015-10-18T11:25:55","date_gmt":"2015-10-18T10:25:55","guid":{"rendered":"http:\/\/eclisseetbrindille.fr\/?page_id=28"},"modified":"2024-12-05T09:32:45","modified_gmt":"2024-12-05T08:32:45","slug":"a-propos","status":"publish","type":"page","link":"https:\/\/eclisseetbrindille.fr\/","title":{"rendered":""},"content":{"rendered":"<p style=\"text-align: left;\">C&rsquo;est \u00e0 \u00c9talante, un petit village de C\u00f4te-d\u2019Or en Bourgogne, dans le <a href=\"https:\/\/www.forets-parcnational.fr\/fr\" target=\"_blank\" rel=\"noopener\">Parc national de for\u00eats<\/a>, que je pratique la <a href=\"https:\/\/eclisseetbrindille.fr\/index.php\/a-propos\/a-propos-2\/\">vannerie sauvage<\/a>.<\/p>\n<p style=\"text-align: left;\">En respectant les techniques traditionnelles de la vannerie sur arceaux, je cr\u00e9e des paniers, corbeilles, mangeoires, etc., \u00e0 partir de coudrier, viorne mancienne, cornouiller sanguin, et bien d&rsquo;autres mat\u00e9riaux que je r\u00e9colte pr\u00e8s de chez moi, dans le respect de l&rsquo;environnement.<\/p>\n<p style=\"text-align: left;\">Avec une touche d&rsquo;originalit\u00e9 et de cr\u00e9ativit\u00e9, ces objets authentiques sauront vous s\u00e9duire. Venez les d\u00e9couvrir ici !<\/p>\n<p>&nbsp;<\/p>\n<p style=\"text-align: left;\"><a href=\"http:\/\/eclisseetbrindille.fr\/wp-content\/uploads\/2015\/10\/IMG_20141127_094517-e1445785437271.jpg\"><img loading=\"lazy\" decoding=\"async\" class=\"aligncenter wp-image-72 size-large\" src=\"http:\/\/eclisseetbrindille.fr\/wp-content\/uploads\/2015\/10\/IMG_20141127_094517-1024x768.jpg\" alt=\"IMG_20141127_094517\" width=\"960\" height=\"720\" \/><\/a><\/p>\n<p><a href=\"https:\/\/www.espritparcnational.com\/consommer-local\/artisanat\/eclisse-brindille-32970\"><img loading=\"lazy\" decoding=\"async\" class=\"wp-image-1646 alignnone\" src=\"http:\/\/eclisseetbrindille.fr\/wp-content\/uploads\/2024\/03\/logo-epn-forets.jpg\" alt=\"\" width=\"173\" height=\"130\" srcset=\"https:\/\/eclisseetbrindille.fr\/wp-content\/uploads\/2024\/03\/logo-epn-forets.jpg 800w, https:\/\/eclisseetbrindille.fr\/wp-content\/uploads\/2024\/03\/logo-epn-forets-300x225.jpg 300w, https:\/\/eclisseetbrindille.fr\/wp-content\/uploads\/2024\/03\/logo-epn-forets-768x576.jpg 768w\" sizes=\"auto, (max-width: 173px) 100vw, 173px\" \/><\/a><a href=\"http:\/\/eclisseetbrindille.fr\/wp-content\/uploads\/2024\/03\/savoir-faire-100-pour-cent-cote-d-or.jpg\"><img loading=\"lazy\" decoding=\"async\" class=\"wp-image-1649 alignnone\" src=\"http:\/\/eclisseetbrindille.fr\/wp-content\/uploads\/2024\/03\/savoir-faire-100-pour-cent-cote-d-or.jpg\" alt=\"\" width=\"110\" height=\"118\" srcset=\"https:\/\/eclisseetbrindille.fr\/wp-content\/uploads\/2024\/03\/savoir-faire-100-pour-cent-cote-d-or.jpg 614w, https:\/\/eclisseetbrindille.fr\/wp-content\/uploads\/2024\/03\/savoir-faire-100-pour-cent-cote-d-or-279x300.jpg 279w\" sizes=\"auto, (max-width: 110px) 100vw, 110px\" \/><\/a><\/p>\n","protected":false},"excerpt":{"rendered":"<p>C&rsquo;est \u00e0 \u00c9talante, un petit village de C\u00f4te-d\u2019Or en Bourgogne, dans le Parc national de for\u00eats, que je pratique la vannerie sauvage. En respectant les techniques traditionnelles de la vannerie sur arceaux, je cr\u00e9e des paniers, corbeilles, mangeoires, etc., \u00e0 partir de coudrier, viorne mancienne, cornouiller sanguin, et bien d&rsquo;autres mat\u00e9riaux que je r\u00e9colte pr\u00e8s&#8230; <a class=\"moretag\" href=\"https:\/\/eclisseetbrindille.fr\/\">Continue Reading<\/a><\/p>\n","protected":false},"author":1,"featured_media":0,"parent":0,"menu_order":0,"comment_status":"closed","ping_status":"closed","template":"","meta":{"footnotes":""},"class_list":["post-28","page","type-page","status-publish","hentry"],"_links":{"self":[{"href":"https:\/\/eclisseetbrindille.fr\/index.php\/wp-json\/wp\/v2\/pages\/28","targetHints":{"allow":["GET"]}}],"collection":[{"href":"https:\/\/eclisseetbrindille.fr\/index.php\/wp-json\/wp\/v2\/pages"}],"about":[{"href":"https:\/\/eclisseetbrindille.fr\/index.php\/wp-json\/wp\/v2\/types\/page"}],"author":[{"embeddable":true,"href":"https:\/\/eclisseetbrindille.fr\/index.php\/wp-json\/wp\/v2\/users\/1"}],"replies":[{"embeddable":true,"href":"https:\/\/eclisseetbrindille.fr\/index.php\/wp-json\/wp\/v2\/comments?post=28"}],"version-history":[{"count":26,"href":"https:\/\/eclisseetbrindille.fr\/index.php\/wp-json\/wp\/v2\/pages\/28\/revisions"}],"predecessor-version":[{"id":1736,"href":"https:\/\/eclisseetbrindille.fr\/index.php\/wp-json\/wp\/v2\/pages\/28\/revisions\/1736"}],"wp:attachment":[{"href":"https:\/\/eclisseetbrindille.fr\/index.php\/wp-json\/wp\/v2\/media?parent=28"}],"curies":[{"name":"wp","href":"https:\/\/api.w.org\/{rel}","templated":true}]}}